{"id":13,"date":"2026-04-30T11:43:58","date_gmt":"2026-04-30T11:43:58","guid":{"rendered":"https:\/\/www.mireillemingarelli.com\/?page_id=13"},"modified":"2026-05-01T15:17:08","modified_gmt":"2026-05-01T15:17:08","slug":"accueil","status":"publish","type":"page","link":"https:\/\/www.mireillemingarelli.com\/","title":{"rendered":"Accueil"},"content":{"rendered":"\n<figure class=\"wp-block-image size-large\"><img loading=\"lazy\" decoding=\"async\" width=\"1024\" height=\"279\" src=\"https:\/\/www.mireillemingarelli.com\/wp-content\/uploads\/2026\/04\/mireille-mingarelli-sm-scandaleM-stiletto-fleursetepines-2-1024x279.jpg\" alt=\"\" class=\"wp-image-14\" srcset=\"https:\/\/www.mireillemingarelli.com\/wp-content\/uploads\/2026\/04\/mireille-mingarelli-sm-scandaleM-stiletto-fleursetepines-2-1024x279.jpg 1024w, https:\/\/www.mireillemingarelli.com\/wp-content\/uploads\/2026\/04\/mireille-mingarelli-sm-scandaleM-stiletto-fleursetepines-2-300x82.jpg 300w, https:\/\/www.mireillemingarelli.com\/wp-content\/uploads\/2026\/04\/mireille-mingarelli-sm-scandaleM-stiletto-fleursetepines-2-768x209.jpg 768w, https:\/\/www.mireillemingarelli.com\/wp-content\/uploads\/2026\/04\/mireille-mingarelli-sm-scandaleM-stiletto-fleursetepines-2-1536x419.jpg 1536w, https:\/\/www.mireillemingarelli.com\/wp-content\/uploads\/2026\/04\/mireille-mingarelli-sm-scandaleM-stiletto-fleursetepines-2-2048x558.jpg 2048w\" sizes=\"auto, (max-width: 1024px) 100vw, 1024px\" \/><\/figure>\n\n\n\n<p><strong>site en cours de construction<\/strong><\/p>\n\n\n\n<p><\/p>\n\n\n\n<h2 class=\"wp-block-heading\">MIREILLE MINGARELLI,<\/h2>\n\n\n\n<h2 class=\"wp-block-heading\">Sculptrice &#8211; c\u00e9ramiste<\/h2>\n\n\n\n<p>Oriente son travail vers \u00ab\u00a0l&rsquo;objet d\u00e9tourn\u00e9\u00a0\u00bb, avec ce d\u00e9sir de d\u00e9passer les limites et contraintes des techniques habituelles de la c\u00e9ramique.<\/p>\n\n\n\n<p>La fa\u00efence, le gr\u00e8s ou la porcelaine lui permettent d&rsquo;explorer diff\u00e9rentes techniques et de lui ouvrir de nouvelles voies. De l&rsquo;objet, elle n&rsquo;en retient que la sculpture, nous offrant<\/p>\n\n\n\n<p>des cr\u00e9ations f\u00e9minines et rebelles, dont le pouvoir de s\u00e9duction se m\u00eale \u00e0 ce nouvel univers fantastique de cette main de \u00ab\u00a0ma\u00eetre\u00a0\u00bb dans un gant de velours.<\/p>\n\n\n\n<p>Inspir\u00e9e par ses nombreux voyages en Asie et par la m\u00e9ditation, son travail se situe entre la sculpture et la c\u00e9ramique reliant le monde spirituel au monde physique et materiel.<\/p>\n\n\n\n<p>Elle privil\u00e9gie les pi\u00e8ces uniques, aussi bien pour des cr\u00e9ations purement artistiques tels que des visages de Bouddhas ou ses \u00ab\u00a0Scandales\u00a0\u00bb, que pour des objets comme le bol<\/p>\n\n\n\n<p>ou la coupelle.<\/p>\n\n\n\n<p>Dipl\u00f4m\u00e9e de l&rsquo;\u00c9cole des arts d\u00e9coratifs de Strasbourg en 1984,<\/p>\n\n\n\n<p>Mireille MINGARELLI vit et travaille en r\u00e9gion parisienne.<\/p>\n\n\n\n<p>Vilolette Mauve<\/p>\n\n\n\n<figure class=\"wp-block-image size-full\"><img loading=\"lazy\" decoding=\"async\" width=\"340\" height=\"480\" src=\"https:\/\/www.mireillemingarelli.com\/wp-content\/uploads\/2026\/05\/page_31_thumb_large.webp\" alt=\"\" class=\"wp-image-103\" srcset=\"https:\/\/www.mireillemingarelli.com\/wp-content\/uploads\/2026\/05\/page_31_thumb_large.webp 340w, https:\/\/www.mireillemingarelli.com\/wp-content\/uploads\/2026\/05\/page_31_thumb_large-213x300.webp 213w\" sizes=\"auto, (max-width: 340px) 100vw, 340px\" \/><\/figure>\n","protected":false},"excerpt":{"rendered":"<p>site en cours de construction MIREILLE MINGARELLI, Sculptrice &#8211; c\u00e9ramiste Oriente son travail vers \u00ab\u00a0l&rsquo;objet d\u00e9tourn\u00e9\u00a0\u00bb, avec ce d\u00e9sir de [&hellip;]<\/p>\n","protected":false},"author":2,"featured_media":0,"parent":0,"menu_order":0,"comment_status":"closed","ping_status":"closed","template":"","meta":{"site-sidebar-layout":"default","site-content-layout":"","ast-site-content-layout":"default","site-content-style":"default","site-sidebar-style":"default","ast-global-header-display":"","ast-banner-title-visibility":"","ast-main-header-display":"","ast-hfb-above-header-display":"","ast-hfb-below-header-display":"","ast-hfb-mobile-header-display":"","site-post-title":"","ast-breadcrumbs-content":"","ast-featured-img":"","footer-sml-layout":"","ast-disable-related-posts":"","theme-transparent-header-meta":"","adv-header-id-meta":"","stick-header-meta":"","header-above-stick-meta":"","header-main-stick-meta":"","header-below-stick-meta":"","astra-migrate-meta-layouts":"default","ast-page-background-enabled":"default","ast-page-background-meta":{"desktop":{"background-color":"var(--ast-global-color-5)","background-image":"","background-repeat":"repeat","background-position":"center center","background-size":"auto","background-attachment":"scroll","background-type":"","background-media":"","overlay-type":"","overlay-color":"","overlay-opacity":"","overlay-gradient":""},"tablet":{"background-color":"","background-image":"","background-repeat":"repeat","background-position":"center center","background-size":"auto","background-attachment":"scroll","background-type":"","background-media":"","overlay-type":"","overlay-color":"","overlay-opacity":"","overlay-gradient":""},"mobile":{"background-color":"","background-image":"","background-repeat":"repeat","background-position":"center center","background-size":"auto","background-attachment":"scroll","background-type":"","background-media":"","overlay-type":"","overlay-color":"","overlay-opacity":"","overlay-gradient":""}},"ast-content-background-meta":{"desktop":{"background-color":"var(--ast-global-color-4)","background-image":"","background-repeat":"repeat","background-position":"center center","background-size":"auto","background-attachment":"scroll","background-type":"","background-media":"","overlay-type":"","overlay-color":"","overlay-opacity":"","overlay-gradient":""},"tablet":{"background-color":"var(--ast-global-color-4)","background-image":"","background-repeat":"repeat","background-position":"center center","background-size":"auto","background-attachment":"scroll","background-type":"","background-media":"","overlay-type":"","overlay-color":"","overlay-opacity":"","overlay-gradient":""},"mobile":{"background-color":"var(--ast-global-color-4)","background-image":"","background-repeat":"repeat","background-position":"center center","background-size":"auto","background-attachment":"scroll","background-type":"","background-media":"","overlay-type":"","overlay-color":"","overlay-opacity":"","overlay-gradient":""}},"footnotes":""},"class_list":["post-13","page","type-page","status-publish","hentry"],"_links":{"self":[{"href":"https:\/\/www.mireillemingarelli.com\/index.php?rest_route=\/wp\/v2\/pages\/13","targetHints":{"allow":["GET"]}}],"collection":[{"href":"https:\/\/www.mireillemingarelli.com\/index.php?rest_route=\/wp\/v2\/pages"}],"about":[{"href":"https:\/\/www.mireillemingarelli.com\/index.php?rest_route=\/wp\/v2\/types\/page"}],"author":[{"embeddable":true,"href":"https:\/\/www.mireillemingarelli.com\/index.php?rest_route=\/wp\/v2\/users\/2"}],"replies":[{"embeddable":true,"href":"https:\/\/www.mireillemingarelli.com\/index.php?rest_route=%2Fwp%2Fv2%2Fcomments&post=13"}],"version-history":[{"count":9,"href":"https:\/\/www.mireillemingarelli.com\/index.php?rest_route=\/wp\/v2\/pages\/13\/revisions"}],"predecessor-version":[{"id":98,"href":"https:\/\/www.mireillemingarelli.com\/index.php?rest_route=\/wp\/v2\/pages\/13\/revisions\/98"}],"wp:attachment":[{"href":"https:\/\/www.mireillemingarelli.com\/index.php?rest_route=%2Fwp%2Fv2%2Fmedia&parent=13"}],"curies":[{"name":"wp","href":"https:\/\/api.w.org\/{rel}","templated":true}]}}